{"id":35,"date":"2021-11-10T17:35:47","date_gmt":"2021-11-10T16:35:47","guid":{"rendered":"http:\/\/mercuripresseconseil.fr\/?page_id=35"},"modified":"2022-02-03T11:38:25","modified_gmt":"2022-02-03T10:38:25","slug":"portofolio","status":"publish","type":"page","link":"https:\/\/mercuripresseconseil.fr\/index.php\/portofolio\/","title":{"rendered":"Portofolio"},"content":{"rendered":"\n<div class=\"wp-block-cover alignfull has-nv-light-bg-background-color has-background-dim\" style=\"min-height:600px\"><div class=\"wp-block-cover__inner-container\">\n<div class=\"wp-block-group\"><div class=\"wp-block-group__inner-container\">\n<div style=\"height:80px\" aria-hidden=\"true\" class=\"wp-block-spacer\"><\/div>\n\n\n\n<div class=\"wp-block-columns are-vertically-aligned-top\">\n<div class=\"wp-block-column is-vertically-aligned-top\" style=\"flex-basis:50%\">\n<figure class=\"wp-block-image size-large\"><img loading=\"lazy\" width=\"1024\" height=\"1024\" src=\"http:\/\/mercuripresseconseil.fr\/wp-content\/uploads\/2021\/12\/6B7A3442-1024x1024.jpg\" alt=\"\" class=\"wp-image-718\" srcset=\"https:\/\/mercuripresseconseil.fr\/wp-content\/uploads\/2021\/12\/6B7A3442-1024x1024.jpg 1024w, https:\/\/mercuripresseconseil.fr\/wp-content\/uploads\/2021\/12\/6B7A3442-300x300.jpg 300w, https:\/\/mercuripresseconseil.fr\/wp-content\/uploads\/2021\/12\/6B7A3442-150x150.jpg 150w, https:\/\/mercuripresseconseil.fr\/wp-content\/uploads\/2021\/12\/6B7A3442-768x768.jpg 768w, https:\/\/mercuripresseconseil.fr\/wp-content\/uploads\/2021\/12\/6B7A3442-1536x1536.jpg 1536w, https:\/\/mercuripresseconseil.fr\/wp-content\/uploads\/2021\/12\/6B7A3442.jpg 1667w\" sizes=\"(max-width: 1024px) 100vw, 1024px\" \/><\/figure>\n\n\n\n<h3 class=\"has-text-align-center has-neve-text-color-color has-text-color\">Conseil et r\u00e9glages<\/h3>\n\n\n\n<p class=\"has-text-align-center has-neve-text-color-color has-text-color\"><strong>MP Conseil<\/strong>&nbsp;propose une&nbsp;<strong>EQUIPE<\/strong>&nbsp;de&nbsp;<strong>PROFESSIONNELS<\/strong>&nbsp;externalis\u00e9e, qui vous accompagne dans la mise en place de votre politique commerciale de diffusion, tout en restant adapt\u00e9e \u00e0 vos besoins.<\/p>\n\n\n\n<div class=\"wp-block-buttons is-content-justification-center\">\n<div class=\"wp-block-button is-style-primary\"><a class=\"wp-block-button__link\" href=\"http:\/\/mercuripresseconseil.fr\/index.php\/conseil-et-reglages\/\">En savoir plus<\/a><\/div>\n<\/div>\n\n\n\n<div style=\"height:40px\" aria-hidden=\"true\" class=\"wp-block-spacer\"><\/div>\n<\/div>\n\n\n\n<div class=\"wp-block-column is-vertically-aligned-top\" style=\"flex-basis:50%\">\n<figure class=\"wp-block-image size-full\"><img loading=\"lazy\" width=\"600\" height=\"600\" src=\"http:\/\/mercuripresseconseil.fr\/wp-content\/uploads\/2021\/11\/Diffusion.png\" alt=\"\" class=\"wp-image-136\" srcset=\"https:\/\/mercuripresseconseil.fr\/wp-content\/uploads\/2021\/11\/Diffusion.png 600w, https:\/\/mercuripresseconseil.fr\/wp-content\/uploads\/2021\/11\/Diffusion-300x300.png 300w, https:\/\/mercuripresseconseil.fr\/wp-content\/uploads\/2021\/11\/Diffusion-150x150.png 150w\" sizes=\"(max-width: 600px) 100vw, 600px\" \/><\/figure>\n\n\n\n<h3 class=\"has-text-align-center has-neve-text-color-color has-text-color\"><strong>Diffusion qualifi\u00e9e<\/strong><\/h3>\n\n\n\n<p class=\"has-text-align-center has-neve-text-color-color has-text-color\"><strong>MP Conseil<\/strong>&nbsp;propose un service de marketing de distribution qui contribue au d\u00e9veloppement de la&nbsp;<strong>NOTORIETE<\/strong>&nbsp;et de la&nbsp;<strong>VISIBILITE<\/strong>&nbsp;de vos titres, mais aussi au renforcement de votre&nbsp;<strong>AUDIENCE<\/strong>&nbsp;en travaillant sur des distributions cibl\u00e9es sur votre&nbsp;<strong>LECTORAT<\/strong>.<\/p>\n\n\n\n<div class=\"wp-block-buttons is-content-justification-center\">\n<div class=\"wp-block-button is-style-primary\"><a class=\"wp-block-button__link\" href=\"http:\/\/mercuripresseconseil.fr\/index.php\/diffusion-qualifiee\/\">En savoir plus<\/a><\/div>\n<\/div>\n\n\n\n<div style=\"height:40px\" aria-hidden=\"true\" class=\"wp-block-spacer\"><\/div>\n<\/div>\n<\/div>\n\n\n\n<div style=\"height:40px\" aria-hidden=\"true\" class=\"wp-block-spacer\"><\/div>\n<\/div><\/div>\n<\/div><\/div>\n\n\n\n<div class=\"wp-block-cover alignfull has-nv-site-bg-background-color has-background-dim\" style=\"min-height:600px\"><div class=\"wp-block-cover__inner-container\">\n<div class=\"wp-block-group\"><div class=\"wp-block-group__inner-container\">\n<div style=\"height:80px\" aria-hidden=\"true\" class=\"wp-block-spacer\"><\/div>\n\n\n\n<div class=\"wp-block-columns are-vertically-aligned-top\">\n<div class=\"wp-block-column is-vertically-aligned-top\" style=\"flex-basis:50%\">\n<figure class=\"wp-block-image size-large\"><img loading=\"lazy\" width=\"1024\" height=\"1024\" src=\"http:\/\/mercuripresseconseil.fr\/wp-content\/uploads\/2021\/12\/6B7A3333-1024x1024.jpg\" alt=\"\" class=\"wp-image-716\" srcset=\"https:\/\/mercuripresseconseil.fr\/wp-content\/uploads\/2021\/12\/6B7A3333-1024x1024.jpg 1024w, https:\/\/mercuripresseconseil.fr\/wp-content\/uploads\/2021\/12\/6B7A3333-300x300.jpg 300w, https:\/\/mercuripresseconseil.fr\/wp-content\/uploads\/2021\/12\/6B7A3333-150x150.jpg 150w, https:\/\/mercuripresseconseil.fr\/wp-content\/uploads\/2021\/12\/6B7A3333-768x768.jpg 768w, https:\/\/mercuripresseconseil.fr\/wp-content\/uploads\/2021\/12\/6B7A3333-1536x1536.jpg 1536w, https:\/\/mercuripresseconseil.fr\/wp-content\/uploads\/2021\/12\/6B7A3333.jpg 1667w\" sizes=\"(max-width: 1024px) 100vw, 1024px\" \/><\/figure>\n\n\n\n<h3 class=\"has-text-align-center has-neve-text-color-color has-text-color\"><strong>Gestion digitale<\/strong><\/h3>\n\n\n\n<p class=\"has-text-align-center has-neve-link-color-color has-text-color\"><strong>MP Conseil<\/strong>&nbsp;s\u2019occupe de la gestion de vos versions num\u00e9riques, en vous apportant ses&nbsp;<strong>CONSEILS<\/strong>&nbsp;et son&nbsp;<strong>ASSISTANCE<\/strong>&nbsp;sur la gestion et le d\u00e9veloppement de vos versions digitales.<\/p>\n\n\n\n<p class=\"has-text-align-center has-neve-link-color-color has-text-color\"><strong>MP Conseil<\/strong>&nbsp;vous&nbsp;<strong>AIDE<\/strong>&nbsp;\u00e0 d\u00e9velopper et \u00e0 booster vos ventes et vos abonnements digitaux en partenariats avec les professionnels de ce march\u00e9.<\/p>\n\n\n\n<div class=\"wp-block-buttons is-content-justification-center\">\n<div class=\"wp-block-button is-style-primary\"><a class=\"wp-block-button__link\" href=\"http:\/\/mercuripresseconseil.fr\/index.php\/gestion-digitale\/\">En savoir plus<\/a><\/div>\n<\/div>\n\n\n\n<div style=\"height:40px\" aria-hidden=\"true\" class=\"wp-block-spacer\"><\/div>\n<\/div>\n\n\n\n<div class=\"wp-block-column is-vertically-aligned-top\" style=\"flex-basis:50%\">\n<figure class=\"wp-block-image size-large\"><img loading=\"lazy\" width=\"1024\" height=\"1024\" src=\"http:\/\/mercuripresseconseil.fr\/wp-content\/uploads\/2021\/12\/IMG_7778a-WEB-1024x1024.jpg\" alt=\"\" class=\"wp-image-775\" srcset=\"https:\/\/mercuripresseconseil.fr\/wp-content\/uploads\/2021\/12\/IMG_7778a-WEB-1024x1024.jpg 1024w, https:\/\/mercuripresseconseil.fr\/wp-content\/uploads\/2021\/12\/IMG_7778a-WEB-300x300.jpg 300w, https:\/\/mercuripresseconseil.fr\/wp-content\/uploads\/2021\/12\/IMG_7778a-WEB-150x150.jpg 150w, https:\/\/mercuripresseconseil.fr\/wp-content\/uploads\/2021\/12\/IMG_7778a-WEB-768x768.jpg 768w, https:\/\/mercuripresseconseil.fr\/wp-content\/uploads\/2021\/12\/IMG_7778a-WEB-1536x1536.jpg 1536w, https:\/\/mercuripresseconseil.fr\/wp-content\/uploads\/2021\/12\/IMG_7778a-WEB-2048x2048.jpg 2048w\" sizes=\"(max-width: 1024px) 100vw, 1024px\" \/><\/figure>\n\n\n\n<h3 class=\"has-text-align-center has-neve-text-color-color has-text-color\">Nos r\u00e9seaux<\/h3>\n\n\n\n<p class=\"has-text-align-center has-neve-link-color-color has-text-color\"><strong>MP Conseil<\/strong>&nbsp;propose des r\u00e9seaux de distributions exclusifs \u00ab&nbsp;cl\u00e9s en mains&nbsp;\u00bb pour ces partenaires \u00e9diteurs.<\/p>\n\n\n\n<div class=\"wp-block-buttons is-content-justification-center\">\n<div class=\"wp-block-button is-style-primary\"><a class=\"wp-block-button__link\" href=\"http:\/\/mercuripresseconseil.fr\/index.php\/diffusion-qualifiee\/\">En savoir plus<\/a><\/div>\n<\/div>\n\n\n\n<div style=\"height:40px\" aria-hidden=\"true\" class=\"wp-block-spacer\"><\/div>\n<\/div>\n<\/div>\n\n\n\n<div style=\"height:40px\" aria-hidden=\"true\" class=\"wp-block-spacer\"><\/div>\n\n\n\n<div class=\"wp-block-cover alignfull has-background-dim\" style=\"background-color:#122031;min-height:490px\"><div class=\"wp-block-cover__inner-container\">\n<div style=\"height:80px\" aria-hidden=\"true\" class=\"wp-block-spacer\"><\/div>\n\n\n\n<div class=\"wp-block-columns\">\n<div class=\"wp-block-column\">\n<figure class=\"wp-block-image size-full is-resized\"><img loading=\"lazy\" src=\"http:\/\/mercuripresseconseil.fr\/wp-content\/uploads\/2021\/11\/logoBlc-1.png\" alt=\"\" class=\"wp-image-102\" width=\"177\" height=\"177\" srcset=\"https:\/\/mercuripresseconseil.fr\/wp-content\/uploads\/2021\/11\/logoBlc-1.png 454w, https:\/\/mercuripresseconseil.fr\/wp-content\/uploads\/2021\/11\/logoBlc-1-300x300.png 300w, https:\/\/mercuripresseconseil.fr\/wp-content\/uploads\/2021\/11\/logoBlc-1-150x150.png 150w\" sizes=\"(max-width: 177px) 100vw, 177px\" \/><\/figure>\n<\/div>\n\n\n\n<div class=\"wp-block-column\">\n<p class=\"has-nv-site-bg-color has-text-color\"><br><strong><a href=\"http:\/\/mercuripresseconseil.fr\/\" data-type=\"URL\" data-id=\"http:\/\/mercuripresseconseil.fr\/\">Accueil<\/a><br><a href=\"http:\/\/mercuripresseconseil.fr\/index.php\/qui-sommes-nous\/\/\" data-type=\"URL\">Qui sommes nous ?<br><\/a><a href=\"http:\/\/mercuripresseconseil.fr\/index.php\/contactez-nous\/\" data-type=\"URL\">Contactez-nous<\/a><\/strong><\/p>\n<\/div>\n\n\n\n<div class=\"wp-block-column\">\n<p class=\"has-nv-site-bg-color has-text-color\"><br><strong>Nos prestations<br><\/strong><a href=\"http:\/\/mercuripresseconseil.fr\/index.php\/conseil-et-reglages\/\">Conseil et r\u00e9glages<br><\/a><a href=\"http:\/\/mercuripresseconseil.fr\/index.php\/diffusion-qualifiee\/\">Diffusion qualifi\u00e9e<br><\/a><a href=\"http:\/\/mercuripresseconseil.fr\/index.php\/gestion-digitale\/\">Gestion digitale<\/a><\/p>\n<\/div>\n<\/div>\n<\/div><\/div>\n<\/div><\/div>\n<\/div><\/div>\n","protected":false},"excerpt":{"rendered":"","protected":false},"author":1,"featured_media":0,"parent":0,"menu_order":0,"comment_status":"closed","ping_status":"closed","template":"","meta":{"neve_meta_sidebar":"","neve_meta_container":"default","neve_meta_enable_content_width":"on","neve_meta_content_width":100,"neve_meta_title_alignment":"","neve_meta_author_avatar":"","neve_post_elements_order":"","neve_meta_disable_header":"","neve_meta_disable_footer":"","neve_meta_disable_title":"on"},"_links":{"self":[{"href":"https:\/\/mercuripresseconseil.fr\/index.php\/wp-json\/wp\/v2\/pages\/35"}],"collection":[{"href":"https:\/\/mercuripresseconseil.fr\/index.php\/wp-json\/wp\/v2\/pages"}],"about":[{"href":"https:\/\/mercuripresseconseil.fr\/index.php\/wp-json\/wp\/v2\/types\/page"}],"author":[{"embeddable":true,"href":"https:\/\/mercuripresseconseil.fr\/index.php\/wp-json\/wp\/v2\/users\/1"}],"replies":[{"embeddable":true,"href":"https:\/\/mercuripresseconseil.fr\/index.php\/wp-json\/wp\/v2\/comments?post=35"}],"version-history":[{"count":14,"href":"https:\/\/mercuripresseconseil.fr\/index.php\/wp-json\/wp\/v2\/pages\/35\/revisions"}],"predecessor-version":[{"id":881,"href":"https:\/\/mercuripresseconseil.fr\/index.php\/wp-json\/wp\/v2\/pages\/35\/revisions\/881"}],"wp:attachment":[{"href":"https:\/\/mercuripresseconseil.fr\/index.php\/wp-json\/wp\/v2\/media?parent=35"}],"curies":[{"name":"wp","href":"https:\/\/api.w.org\/{rel}","templated":true}]}}