{"id":33,"date":"2021-11-10T17:35:47","date_gmt":"2021-11-10T16:35:47","guid":{"rendered":"http:\/\/mercuripresseconseil.fr\/?page_id=33"},"modified":"2024-10-11T20:50:15","modified_gmt":"2024-10-11T18:50:15","slug":"qui-sommes-nous","status":"publish","type":"page","link":"https:\/\/mercuripresseconseil.fr\/index.php\/qui-sommes-nous\/","title":{"rendered":"Qui sommes nous ?"},"content":{"rendered":"\n<div class=\"wp-block-cover alignfull has-background-dim\" style=\"background-color:#e2e4e7;min-height:600px\"><div class=\"wp-block-cover__inner-container\">\n<div class=\"wp-block-group\"><div class=\"wp-block-group__inner-container\">\n<div style=\"height:80px\" aria-hidden=\"true\" class=\"wp-block-spacer\"><\/div>\n\n\n\n<div class=\"wp-block-columns are-vertically-aligned-center\">\n<div class=\"wp-block-column is-vertically-aligned-center\" style=\"flex-basis:50%\">\n<figure class=\"wp-block-image size-large\"><img loading=\"lazy\" width=\"1024\" height=\"1024\" src=\"http:\/\/mercuripresseconseil.fr\/wp-content\/uploads\/2021\/12\/6B7A3381-1024x1024.jpg\" alt=\"\" class=\"wp-image-739\" srcset=\"https:\/\/mercuripresseconseil.fr\/wp-content\/uploads\/2021\/12\/6B7A3381-1024x1024.jpg 1024w, https:\/\/mercuripresseconseil.fr\/wp-content\/uploads\/2021\/12\/6B7A3381-300x300.jpg 300w, https:\/\/mercuripresseconseil.fr\/wp-content\/uploads\/2021\/12\/6B7A3381-150x150.jpg 150w, https:\/\/mercuripresseconseil.fr\/wp-content\/uploads\/2021\/12\/6B7A3381-768x768.jpg 768w, https:\/\/mercuripresseconseil.fr\/wp-content\/uploads\/2021\/12\/6B7A3381-1536x1536.jpg 1536w, https:\/\/mercuripresseconseil.fr\/wp-content\/uploads\/2021\/12\/6B7A3381.jpg 1667w\" sizes=\"(max-width: 1024px) 100vw, 1024px\" \/><\/figure>\n<\/div>\n\n\n\n<div class=\"wp-block-column is-vertically-aligned-center\" style=\"flex-basis:50%\">\n<h2 class=\"has-text-color\" style=\"color:#3b4b60\"><strong>Notre histoire<\/strong><\/h2>\n\n\n\n<p class=\"has-neve-link-color-color has-text-color\">Prom\u00e9vente, acteur et cr\u00e9ateur de l&rsquo;activit\u00e9 conseils et r\u00e9glages, est rachet\u00e9e en 2000 par le Groupe Mercuri Presse, sp\u00e9cialiste depuis plus de 25 ans de la diffusion et de la promotion de la presse en France et \u00e0 l&rsquo;\u00e9tranger. <\/p>\n\n\n\n<p class=\"has-neve-link-color-color has-text-color\">L&rsquo;agence VIP Diffusion Presse, sp\u00e9cialis\u00e9e dans la diffusion qualifi\u00e9e, int\u00e8gre en 2003 le Groupe Mercuri Presse. <\/p>\n\n\n\n<p class=\"has-neve-link-color-color has-text-color\">En 2017, le Groupe Mercuri Presse est achet\u00e9 par la principale messagerie nationale de distribution de presse, Presstalis.<br><br>En juillet 2020, <strong>MP Conseil <\/strong>reprend l\u2019int\u00e9gralit\u00e9 des activit\u00e9s et des \u00e9quipes. <strong>MP Conseil<\/strong> est constitu\u00e9e de 12 personnes dont 7 chefs de produits avec chacun plus de <strong>25 ann\u00e9es d\u2019exp\u00e9rience<\/strong>.<\/p>\n<\/div>\n<\/div>\n\n\n\n<div style=\"height:40px\" aria-hidden=\"true\" class=\"wp-block-spacer\"><\/div>\n<\/div><\/div>\n<\/div><\/div>\n\n\n\n<div class=\"wp-block-cover alignfull has-background-dim\" style=\"background-color:#3b4b60;min-height:600px\"><div class=\"wp-block-cover__inner-container\">\n<div class=\"wp-block-group\"><div class=\"wp-block-group__inner-container\">\n<div style=\"height:80px\" aria-hidden=\"true\" class=\"wp-block-spacer\"><\/div>\n\n\n\n<div class=\"wp-block-columns are-vertically-aligned-center\">\n<div class=\"wp-block-column is-vertically-aligned-center\" style=\"flex-basis:50%\">\n<h2 class=\"has-nv-text-dark-bg-color has-text-color\"><strong>Aujourd\u2019hui, <\/strong><br><strong>MP Conseil c\u2019est :<\/strong><\/h2>\n\n\n\n<ul><li>Un portefeuille de plus de 300 titres pour 80 groupes d&rsquo;\u00e9diteurs toutes activit\u00e9s confondues.<\/li><li>+ de 2 800 r\u00e9glages par an.<\/li><li>+ de 12 millions d\u2019exemplaires distribu\u00e9s par an.<\/li><li>Tous types de produits (quotidiens, magazines, encyclop\u00e9dies, mooks) de toutes p\u00e9riodicit\u00e9s, travaill\u00e9s sur les diff\u00e9rentes activit\u00e9s.<\/li><li>+ de 100 millions de contacts potentiels par an.<br>Un large choix de r\u00e9seaux du grand public au tr\u00e8s haut de gamme.<\/li><li>Une pr\u00e9sence dans les principales villes europ\u00e9ennes (Paris, Londres, B\u00e2le, Gen\u00e8ve, Bruxelles, \u2026).<\/li><li>Un large choix de r\u00e9seaux du grand public au tr\u00e8s haut de gamme.<\/li><\/ul>\n\n\n\n<div style=\"height:20px\" aria-hidden=\"true\" class=\"wp-block-spacer\"><\/div>\n<\/div>\n\n\n\n<div class=\"wp-block-column is-vertically-aligned-center\" style=\"flex-basis:50%\">\n<figure class=\"wp-block-image size-full\"><img loading=\"lazy\" width=\"600\" height=\"600\" src=\"http:\/\/mercuripresseconseil.fr\/wp-content\/uploads\/2021\/11\/notreHistoire.png\" alt=\"\" class=\"wp-image-193\" srcset=\"https:\/\/mercuripresseconseil.fr\/wp-content\/uploads\/2021\/11\/notreHistoire.png 600w, https:\/\/mercuripresseconseil.fr\/wp-content\/uploads\/2021\/11\/notreHistoire-300x300.png 300w, https:\/\/mercuripresseconseil.fr\/wp-content\/uploads\/2021\/11\/notreHistoire-150x150.png 150w\" sizes=\"(max-width: 600px) 100vw, 600px\" \/><\/figure>\n<\/div>\n<\/div>\n\n\n\n<div style=\"height:80px\" aria-hidden=\"true\" class=\"wp-block-spacer\"><\/div>\n<\/div><\/div>\n<\/div><\/div>\n\n\n\n<div class=\"wp-block-cover alignfull has-background-dim\" style=\"background-color:#e2e4e7;min-height:600px\"><div class=\"wp-block-cover__inner-container\">\n<div style=\"height:80px\" aria-hidden=\"true\" class=\"wp-block-spacer\"><\/div>\n\n\n\n<h2 class=\"has-text-color\" style=\"color:#3b4b60\">Notre \u00e9quipe<\/h2>\n\n\n\n<div class=\"wp-block-columns\">\n<div class=\"wp-block-column\">\n<div class=\"wp-block-image is-style-default\"><figure class=\"aligncenter size-full\"><img loading=\"lazy\" width=\"400\" height=\"400\" src=\"http:\/\/mercuripresseconseil.fr\/wp-content\/uploads\/2021\/11\/sylvain.png\" alt=\"\" class=\"wp-image-154\" srcset=\"https:\/\/mercuripresseconseil.fr\/wp-content\/uploads\/2021\/11\/sylvain.png 400w, https:\/\/mercuripresseconseil.fr\/wp-content\/uploads\/2021\/11\/sylvain-300x300.png 300w, https:\/\/mercuripresseconseil.fr\/wp-content\/uploads\/2021\/11\/sylvain-150x150.png 150w\" sizes=\"(max-width: 400px) 100vw, 400px\" \/><\/figure><\/div>\n\n\n\n<h3 class=\"has-text-align-center has-text-color\" style=\"color:#3b4b60\"><strong>Sylvain SAUPIN<\/strong><\/h3>\n\n\n\n<p class=\"has-text-align-center has-neve-link-color-color has-text-color\"><strong>Pr\u00e9sident<\/strong><br>T\u00e9l. 01 42 36 80 86<br>Mob. 06 62 80 85 50<br><a href=\"mailto:ssaupin@mercuripresseconseil.fr\" target=\"_blank\" rel=\"noreferrer noopener\">ssaupin@mercuripresseconseil.fr<\/a><\/p>\n\n\n\n<div style=\"height:40px\" aria-hidden=\"true\" class=\"wp-block-spacer\"><\/div>\n<\/div>\n\n\n\n<div class=\"wp-block-column\">\n<div class=\"wp-block-image is-style-default\"><figure class=\"aligncenter size-full\"><img loading=\"lazy\" width=\"953\" height=\"945\" src=\"http:\/\/mercuripresseconseil.fr\/wp-content\/uploads\/2024\/10\/DanielG.jpg\" alt=\"\" class=\"wp-image-918\" srcset=\"https:\/\/mercuripresseconseil.fr\/wp-content\/uploads\/2024\/10\/DanielG.jpg 953w, https:\/\/mercuripresseconseil.fr\/wp-content\/uploads\/2024\/10\/DanielG-300x297.jpg 300w, https:\/\/mercuripresseconseil.fr\/wp-content\/uploads\/2024\/10\/DanielG-150x150.jpg 150w, https:\/\/mercuripresseconseil.fr\/wp-content\/uploads\/2024\/10\/DanielG-768x762.jpg 768w\" sizes=\"(max-width: 953px) 100vw, 953px\" \/><\/figure><\/div>\n\n\n\n<h3 class=\"has-text-align-center has-text-color\" style=\"color:#3b4b60\"><strong>Daniel GILLON<\/strong><\/h3>\n\n\n\n<p class=\"has-text-align-center has-neve-link-color-color has-text-color\"> <strong>Expert Diffusion et Export<br><\/strong>Mob. 06 78 09 86 21<br><a rel=\"noreferrer noopener\" href=\"mailto:lpoire@mercuripresseconseil.fr\" target=\"_blank\">dgillon@mercuripresseconseil.fr<\/a> <\/p>\n<\/div>\n\n\n\n<div class=\"wp-block-column\">\n<div class=\"wp-block-image is-style-default\"><figure class=\"aligncenter size-large\"><img loading=\"lazy\" width=\"1024\" height=\"1024\" src=\"http:\/\/mercuripresseconseil.fr\/wp-content\/uploads\/2021\/12\/Laurent-Poire-1024x1024.jpg\" alt=\"\" class=\"wp-image-746\" srcset=\"https:\/\/mercuripresseconseil.fr\/wp-content\/uploads\/2021\/12\/Laurent-Poire-1024x1024.jpg 1024w, https:\/\/mercuripresseconseil.fr\/wp-content\/uploads\/2021\/12\/Laurent-Poire-300x300.jpg 300w, https:\/\/mercuripresseconseil.fr\/wp-content\/uploads\/2021\/12\/Laurent-Poire-150x150.jpg 150w, https:\/\/mercuripresseconseil.fr\/wp-content\/uploads\/2021\/12\/Laurent-Poire-768x768.jpg 768w, https:\/\/mercuripresseconseil.fr\/wp-content\/uploads\/2021\/12\/Laurent-Poire-1536x1536.jpg 1536w, https:\/\/mercuripresseconseil.fr\/wp-content\/uploads\/2021\/12\/Laurent-Poire.jpg 1667w\" sizes=\"(max-width: 1024px) 100vw, 1024px\" \/><\/figure><\/div>\n\n\n\n<h3 class=\"has-text-align-center has-text-color\" style=\"color:#3b4b60\"><strong>Laurent POIR\u00c9<\/strong><\/h3>\n\n\n\n<p class=\"has-text-align-center has-neve-link-color-color has-text-color\"><strong>Responsable Syst\u00e8mes Informations<br><\/strong>Mob. 07 76 78 82 38<br><a href=\"mailto:lpoire@mercuripresseconseil.fr\" target=\"_blank\" rel=\"noreferrer noopener\">lpoire@mercuripresseconseil.fr<\/a><\/p>\n\n\n\n<div style=\"height:40px\" aria-hidden=\"true\" class=\"wp-block-spacer\"><\/div>\n<\/div>\n<\/div>\n\n\n\n<div style=\"height:40px\" aria-hidden=\"true\" class=\"wp-block-spacer\"><\/div>\n\n\n\n<div class=\"wp-block-columns\">\n<div class=\"wp-block-column\">\n<figure class=\"wp-block-image size-large\"><img src=\"http:\/\/mercuripresseconseil.fr\/wp-content\/uploads\/2021\/12\/Bertrand-RABIN-1024x1024.jpg\" alt=\"\"\/><\/figure>\n\n\n\n<h3 class=\"has-text-align-center has-text-color\" style=\"color:#3b4b60\"><strong>Bertrand RABIN<\/strong><\/h3>\n\n\n\n<p class=\"has-text-align-center has-neve-link-color-color has-text-color\"><strong>Directeur Adjoint des Ventes<br><\/strong>T\u00e9l. 01 42 36 80 95<br><meta charset=\"utf-8\">Mob.&nbsp; 07 76 77 31 13<br><a href=\"mailto:brabin@mercuripresseconseil.fr\" target=\"_blank\" rel=\"noreferrer noopener\">brabin@mercuripresseconseil.fr<\/a><\/p>\n<\/div>\n\n\n\n<div class=\"wp-block-column\">\n<figure class=\"wp-block-image size-large\"><img loading=\"lazy\" width=\"1024\" height=\"1024\" src=\"http:\/\/mercuripresseconseil.fr\/wp-content\/uploads\/2021\/12\/Laurent-BOUDERLIQUE-1-1024x1024.jpg\" alt=\"\" class=\"wp-image-750\" srcset=\"https:\/\/mercuripresseconseil.fr\/wp-content\/uploads\/2021\/12\/Laurent-BOUDERLIQUE-1-1024x1024.jpg 1024w, https:\/\/mercuripresseconseil.fr\/wp-content\/uploads\/2021\/12\/Laurent-BOUDERLIQUE-1-300x300.jpg 300w, https:\/\/mercuripresseconseil.fr\/wp-content\/uploads\/2021\/12\/Laurent-BOUDERLIQUE-1-150x150.jpg 150w, https:\/\/mercuripresseconseil.fr\/wp-content\/uploads\/2021\/12\/Laurent-BOUDERLIQUE-1-768x768.jpg 768w, https:\/\/mercuripresseconseil.fr\/wp-content\/uploads\/2021\/12\/Laurent-BOUDERLIQUE-1-1536x1536.jpg 1536w, https:\/\/mercuripresseconseil.fr\/wp-content\/uploads\/2021\/12\/Laurent-BOUDERLIQUE-1.jpg 1667w\" sizes=\"(max-width: 1024px) 100vw, 1024px\" \/><\/figure>\n\n\n\n<h3 class=\"has-text-align-center has-text-color\" style=\"color:#3b4b60\"><strong>Laurent BOUDERLIQUE<\/strong><\/h3>\n\n\n\n<p class=\"has-text-align-center has-neve-link-color-color has-text-color\"><strong>Chef de produit<br><\/strong>T\u00e9l. 01 42 36 87 78<br>Mob. 07 50 55 27 60<br><a href=\"mailto:lbouderlique@mercuripresseconseil.fr\" target=\"_blank\" rel=\"noreferrer noopener\">lbouderlique@mercuripresseconseil.fr<\/a><\/p>\n<\/div>\n\n\n\n<div class=\"wp-block-column\">\n<figure class=\"wp-block-image size-large\"><img loading=\"lazy\" width=\"1024\" height=\"1024\" src=\"http:\/\/mercuripresseconseil.fr\/wp-content\/uploads\/2021\/12\/Laurent-Charrie-1024x1024.jpg\" alt=\"\" class=\"wp-image-751\" srcset=\"https:\/\/mercuripresseconseil.fr\/wp-content\/uploads\/2021\/12\/Laurent-Charrie-1024x1024.jpg 1024w, https:\/\/mercuripresseconseil.fr\/wp-content\/uploads\/2021\/12\/Laurent-Charrie-300x300.jpg 300w, https:\/\/mercuripresseconseil.fr\/wp-content\/uploads\/2021\/12\/Laurent-Charrie-150x150.jpg 150w, https:\/\/mercuripresseconseil.fr\/wp-content\/uploads\/2021\/12\/Laurent-Charrie-768x768.jpg 768w, https:\/\/mercuripresseconseil.fr\/wp-content\/uploads\/2021\/12\/Laurent-Charrie-1536x1536.jpg 1536w, https:\/\/mercuripresseconseil.fr\/wp-content\/uploads\/2021\/12\/Laurent-Charrie.jpg 1667w\" sizes=\"(max-width: 1024px) 100vw, 1024px\" \/><\/figure>\n\n\n\n<h3 class=\"has-text-align-center has-text-color\" style=\"color:#3b4b60\"><meta charset=\"utf-8\"><strong>Laurent CHARRI\u00c9<\/strong><\/h3>\n\n\n\n<p class=\"has-text-align-center has-neve-link-color-color has-text-color\"><strong>Chef de produit<br><\/strong>T\u00e9l. 01 42 36 96 65<br>Mob. 07 82 10 25 13<br><a href=\"mailto:lcharrie@mercuripresseconseil.fr\" target=\"_blank\" rel=\"noreferrer noopener\">lcharrie@mercuripresseconseil.fr<\/a><\/p>\n<\/div>\n<\/div>\n\n\n\n<div style=\"height:40px\" aria-hidden=\"true\" class=\"wp-block-spacer\"><\/div>\n\n\n\n<div class=\"wp-block-columns\">\n<div class=\"wp-block-column\">\n<figure class=\"wp-block-image size-large\"><img loading=\"lazy\" width=\"1024\" height=\"1024\" src=\"http:\/\/mercuripresseconseil.fr\/wp-content\/uploads\/2021\/12\/Jean-Claude-Seguis-1024x1024.jpg\" alt=\"\" class=\"wp-image-753\" srcset=\"https:\/\/mercuripresseconseil.fr\/wp-content\/uploads\/2021\/12\/Jean-Claude-Seguis-1024x1024.jpg 1024w, https:\/\/mercuripresseconseil.fr\/wp-content\/uploads\/2021\/12\/Jean-Claude-Seguis-300x300.jpg 300w, https:\/\/mercuripresseconseil.fr\/wp-content\/uploads\/2021\/12\/Jean-Claude-Seguis-150x150.jpg 150w, https:\/\/mercuripresseconseil.fr\/wp-content\/uploads\/2021\/12\/Jean-Claude-Seguis-768x768.jpg 768w, https:\/\/mercuripresseconseil.fr\/wp-content\/uploads\/2021\/12\/Jean-Claude-Seguis-1536x1536.jpg 1536w, https:\/\/mercuripresseconseil.fr\/wp-content\/uploads\/2021\/12\/Jean-Claude-Seguis.jpg 1667w\" sizes=\"(max-width: 1024px) 100vw, 1024px\" \/><\/figure>\n\n\n\n<h3 class=\"has-text-align-center has-text-color\" style=\"color:#3b4b60\"><strong>Jean-Claude SEGUIS<\/strong><\/h3>\n\n\n\n<p class=\"has-text-align-center has-neve-link-color-color has-text-color\"><strong>Chef de produit<br><\/strong>T\u00e9l. 01 42 36 80 92<br>Mob.&nbsp; 07 50 54 81 11<br><a href=\"mailto:jcseguis@mercuripresseconseil.fr\" target=\"_blank\" rel=\"noreferrer noopener\">jcseguis@mercuripresseconseil.fr<\/a><\/p>\n<\/div>\n\n\n\n<div class=\"wp-block-column\">\n<figure class=\"wp-block-image size-large\"><img loading=\"lazy\" width=\"1024\" height=\"1024\" src=\"http:\/\/mercuripresseconseil.fr\/wp-content\/uploads\/2021\/12\/Emmanuel-VINOT-1024x1024.jpg\" alt=\"\" class=\"wp-image-754\" srcset=\"https:\/\/mercuripresseconseil.fr\/wp-content\/uploads\/2021\/12\/Emmanuel-VINOT-1024x1024.jpg 1024w, https:\/\/mercuripresseconseil.fr\/wp-content\/uploads\/2021\/12\/Emmanuel-VINOT-300x300.jpg 300w, https:\/\/mercuripresseconseil.fr\/wp-content\/uploads\/2021\/12\/Emmanuel-VINOT-150x150.jpg 150w, https:\/\/mercuripresseconseil.fr\/wp-content\/uploads\/2021\/12\/Emmanuel-VINOT-768x768.jpg 768w, https:\/\/mercuripresseconseil.fr\/wp-content\/uploads\/2021\/12\/Emmanuel-VINOT-1536x1536.jpg 1536w, https:\/\/mercuripresseconseil.fr\/wp-content\/uploads\/2021\/12\/Emmanuel-VINOT.jpg 1667w\" sizes=\"(max-width: 1024px) 100vw, 1024px\" \/><\/figure>\n\n\n\n<h3 class=\"has-text-align-center has-text-color\" style=\"color:#3b4b60\"><meta charset=\"utf-8\"><strong>Emmanuel VINOT<\/strong><\/h3>\n\n\n\n<p class=\"has-text-align-center has-neve-link-color-color has-text-color\"><strong>Chef de produit<br><\/strong>T\u00e9l. 01 42 36 92 04<br>Mob. 07 76 75 14 60<br><a href=\"mailto:evinot@mercuripresseconseil.fr\" target=\"_blank\" rel=\"noreferrer noopener\">evinot@mercuripresseconseil.fr<\/a><\/p>\n<\/div>\n\n\n\n<div class=\"wp-block-column\">\n<figure class=\"wp-block-image size-large\"><img loading=\"lazy\" width=\"1024\" height=\"1024\" src=\"http:\/\/mercuripresseconseil.fr\/wp-content\/uploads\/2021\/12\/Fre\u0301de\u0301ric-VINOT-1024x1024.jpg\" alt=\"\" class=\"wp-image-755\" srcset=\"https:\/\/mercuripresseconseil.fr\/wp-content\/uploads\/2021\/12\/Fre\u0301de\u0301ric-VINOT-1024x1024.jpg 1024w, https:\/\/mercuripresseconseil.fr\/wp-content\/uploads\/2021\/12\/Fre\u0301de\u0301ric-VINOT-300x300.jpg 300w, https:\/\/mercuripresseconseil.fr\/wp-content\/uploads\/2021\/12\/Fre\u0301de\u0301ric-VINOT-150x150.jpg 150w, https:\/\/mercuripresseconseil.fr\/wp-content\/uploads\/2021\/12\/Fre\u0301de\u0301ric-VINOT-768x768.jpg 768w, https:\/\/mercuripresseconseil.fr\/wp-content\/uploads\/2021\/12\/Fre\u0301de\u0301ric-VINOT-1536x1536.jpg 1536w, https:\/\/mercuripresseconseil.fr\/wp-content\/uploads\/2021\/12\/Fre\u0301de\u0301ric-VINOT.jpg 1667w\" sizes=\"(max-width: 1024px) 100vw, 1024px\" \/><\/figure>\n\n\n\n<h3 class=\"has-text-align-center has-text-color\" style=\"color:#3b4b60\"><strong>Fr\u00e9d\u00e9ric VINOT<\/strong><\/h3>\n\n\n\n<p class=\"has-text-align-center has-neve-link-color-color has-text-color\"><strong>Chef de produit<br><\/strong>T\u00e9l. 01 42 36 80 52<br>Mob. 06 19 77 38 24<br><a href=\"mailto:fvinot@mercuripresseconseil.fr\" target=\"_blank\" rel=\"noreferrer noopener\">fvinot@mercuripresseconseil.fr<\/a><\/p>\n<\/div>\n<\/div>\n\n\n\n<div class=\"wp-block-columns\">\n<div class=\"wp-block-column\">\n<figure class=\"wp-block-image size-large\"><img src=\"http:\/\/mercuripresseconseil.fr\/wp-content\/uploads\/2021\/12\/Kadidja-HAOUAS-1024x1024.jpg\" alt=\"\"\/><\/figure>\n\n\n\n<h3 class=\"has-text-align-center has-text-color\" style=\"color:#3b4b60\"><strong>Khadidja HAOUAS<\/strong><\/h3>\n\n\n\n<p class=\"has-text-align-center has-neve-link-color-color has-text-color\"><strong>Chef de produit<br><\/strong>T\u00e9l. 01 42 36 80 84<br>Mob. 07 76 05 65 88<br><a href=\"mailto:khaouas@mercuripresseconseil.fr\" target=\"_blank\" rel=\"noreferrer noopener\">khaouas@mercuripresseconseil.fr<\/a><\/p>\n<\/div>\n\n\n\n<div class=\"wp-block-column\">\n<figure class=\"wp-block-image size-full\"><img loading=\"lazy\" width=\"800\" height=\"800\" src=\"http:\/\/mercuripresseconseil.fr\/wp-content\/uploads\/2021\/12\/Nophoto-3.jpg\" alt=\"\" class=\"wp-image-762\" srcset=\"https:\/\/mercuripresseconseil.fr\/wp-content\/uploads\/2021\/12\/Nophoto-3.jpg 800w, https:\/\/mercuripresseconseil.fr\/wp-content\/uploads\/2021\/12\/Nophoto-3-300x300.jpg 300w, https:\/\/mercuripresseconseil.fr\/wp-content\/uploads\/2021\/12\/Nophoto-3-150x150.jpg 150w, https:\/\/mercuripresseconseil.fr\/wp-content\/uploads\/2021\/12\/Nophoto-3-768x768.jpg 768w\" sizes=\"(max-width: 800px) 100vw, 800px\" \/><\/figure>\n\n\n\n<h3 class=\"has-text-align-center has-text-color\" style=\"color:#3b4b60\"><meta charset=\"utf-8\"><strong><strong>St\u00e9phane BRI\u00c8RE<\/strong><\/strong><meta charset=\"utf-8\"><\/h3>\n\n\n\n<p class=\"has-text-align-center has-neve-link-color-color has-text-color\"><strong>Comptabilit\u00e9<\/strong><br>T\u00e9l. 01 42 36 96 62<br><a rel=\"noreferrer noopener\" href=\"mailto:comptabilite@mercuripresseconseil.fr\" target=\"_blank\">comptabilite@mercuripresseconseil.fr<\/a><\/p>\n<\/div>\n\n\n\n<div class=\"wp-block-column\">\n<figure class=\"wp-block-image size-full\"><img loading=\"lazy\" width=\"800\" height=\"800\" src=\"http:\/\/mercuripresseconseil.fr\/wp-content\/uploads\/2021\/12\/Nophoto-2.jpg\" alt=\"\" class=\"wp-image-761\" srcset=\"https:\/\/mercuripresseconseil.fr\/wp-content\/uploads\/2021\/12\/Nophoto-2.jpg 800w, https:\/\/mercuripresseconseil.fr\/wp-content\/uploads\/2021\/12\/Nophoto-2-300x300.jpg 300w, https:\/\/mercuripresseconseil.fr\/wp-content\/uploads\/2021\/12\/Nophoto-2-150x150.jpg 150w, https:\/\/mercuripresseconseil.fr\/wp-content\/uploads\/2021\/12\/Nophoto-2-768x768.jpg 768w\" sizes=\"(max-width: 800px) 100vw, 800px\" \/><\/figure>\n\n\n\n<h3 class=\"has-text-align-center has-text-color\" style=\"color:#3b4b60\"><strong><strong>Sophie RE<\/strong><\/strong>FA<\/h3>\n\n\n\n<p class=\"has-text-align-center has-neve-link-color-color has-text-color\"><strong>Unit\u00e9 Logistique<br><\/strong><a href=\"mailto:logistique@mercuripresseconseil.fr\" target=\"_blank\" rel=\"noreferrer noopener\">logistique@mercuripresseconseil.fr<\/a><\/p>\n<\/div>\n<\/div>\n\n\n\n<div style=\"height:80px\" aria-hidden=\"true\" class=\"wp-block-spacer\"><\/div>\n<\/div><\/div>\n\n\n\n<div class=\"wp-block-cover alignfull has-background-dim-30 has-nv-dark-bg-background-color has-background-dim\" style=\"min-height:590px\"><img loading=\"lazy\" width=\"2500\" height=\"1667\" class=\"wp-block-cover__image-background wp-image-788\" alt=\"\" src=\"http:\/\/mercuripresseconseil.fr\/wp-content\/uploads\/2021\/12\/6B7A4015.jpg\" style=\"object-position:52% 24%\" data-object-fit=\"cover\" data-object-position=\"52% 24%\" srcset=\"https:\/\/mercuripresseconseil.fr\/wp-content\/uploads\/2021\/12\/6B7A4015.jpg 2500w, https:\/\/mercuripresseconseil.fr\/wp-content\/uploads\/2021\/12\/6B7A4015-300x200.jpg 300w, https:\/\/mercuripresseconseil.fr\/wp-content\/uploads\/2021\/12\/6B7A4015-1024x683.jpg 1024w, https:\/\/mercuripresseconseil.fr\/wp-content\/uploads\/2021\/12\/6B7A4015-768x512.jpg 768w, https:\/\/mercuripresseconseil.fr\/wp-content\/uploads\/2021\/12\/6B7A4015-1536x1024.jpg 1536w, https:\/\/mercuripresseconseil.fr\/wp-content\/uploads\/2021\/12\/6B7A4015-2048x1366.jpg 2048w, https:\/\/mercuripresseconseil.fr\/wp-content\/uploads\/2021\/12\/6B7A4015-930x620.jpg 930w\" sizes=\"(max-width: 2500px) 100vw, 2500px\" \/><div class=\"wp-block-cover__inner-container\">\n<div style=\"height:403px\" aria-hidden=\"true\" class=\"wp-block-spacer\"><\/div>\n\n\n\n<div class=\"wp-block-buttons is-content-justification-center\">\n<div class=\"wp-block-button is-style-primary\"><a class=\"wp-block-button__link\" href=\"http:\/\/mercuripresseconseil.fr\/index.php\/contactez-nous\/\">Rejoignez-nous !<\/a><\/div>\n<\/div>\n<\/div><\/div>\n\n\n\n<div class=\"wp-block-cover alignfull has-background-dim\" style=\"background-color:#122031;min-height:490px\"><div class=\"wp-block-cover__inner-container\">\n<div style=\"height:80px\" aria-hidden=\"true\" class=\"wp-block-spacer\"><\/div>\n\n\n\n<div class=\"wp-block-columns\">\n<div class=\"wp-block-column\">\n<figure class=\"wp-block-image size-full is-resized\"><img loading=\"lazy\" src=\"http:\/\/mercuripresseconseil.fr\/wp-content\/uploads\/2021\/11\/logoBlc-1.png\" alt=\"\" class=\"wp-image-102\" width=\"177\" height=\"177\" srcset=\"https:\/\/mercuripresseconseil.fr\/wp-content\/uploads\/2021\/11\/logoBlc-1.png 454w, https:\/\/mercuripresseconseil.fr\/wp-content\/uploads\/2021\/11\/logoBlc-1-300x300.png 300w, https:\/\/mercuripresseconseil.fr\/wp-content\/uploads\/2021\/11\/logoBlc-1-150x150.png 150w\" sizes=\"(max-width: 177px) 100vw, 177px\" \/><\/figure>\n<\/div>\n\n\n\n<div class=\"wp-block-column\">\n<p class=\"has-nv-site-bg-color has-text-color\"><br><strong><a href=\"http:\/\/mercuripresseconseil.fr\/\" data-type=\"URL\" data-id=\"http:\/\/mercuripresseconseil.fr\/\">Accueil<\/a><br><a href=\"http:\/\/mercuripresseconseil.fr\/index.php\/qui-sommes-nous\/\/\" data-type=\"URL\">Qui sommes nous ?<br><\/a><a href=\"http:\/\/mercuripresseconseil.fr\/index.php\/contactez-nous\/\" data-type=\"URL\">Contactez-nous<\/a><\/strong><\/p>\n<\/div>\n\n\n\n<div class=\"wp-block-column\">\n<p class=\"has-nv-site-bg-color has-text-color\"><br><strong>Nos prestations<br><\/strong><a href=\"http:\/\/mercuripresseconseil.fr\/index.php\/conseil-et-reglages\/\">Conseil et r\u00e9glages<br><\/a><a href=\"http:\/\/mercuripresseconseil.fr\/index.php\/diffusion-qualifiee\/\">Diffusion qualifi\u00e9e<br><\/a><a href=\"http:\/\/mercuripresseconseil.fr\/index.php\/gestion-digitale\/\">Gestion digitale<\/a><\/p>\n<\/div>\n<\/div>\n<\/div><\/div>\n","protected":false},"excerpt":{"rendered":"","protected":false},"author":1,"featured_media":0,"parent":0,"menu_order":0,"comment_status":"closed","ping_status":"closed","template":"","meta":{"neve_meta_sidebar":"","neve_meta_container":"contained","neve_meta_enable_content_width":"on","neve_meta_content_width":100,"neve_meta_title_alignment":"left","neve_meta_author_avatar":"","neve_post_elements_order":"","neve_meta_disable_header":"","neve_meta_disable_footer":"","neve_meta_disable_title":"on"},"_links":{"self":[{"href":"https:\/\/mercuripresseconseil.fr\/index.php\/wp-json\/wp\/v2\/pages\/33"}],"collection":[{"href":"https:\/\/mercuripresseconseil.fr\/index.php\/wp-json\/wp\/v2\/pages"}],"about":[{"href":"https:\/\/mercuripresseconseil.fr\/index.php\/wp-json\/wp\/v2\/types\/page"}],"author":[{"embeddable":true,"href":"https:\/\/mercuripresseconseil.fr\/index.php\/wp-json\/wp\/v2\/users\/1"}],"replies":[{"embeddable":true,"href":"https:\/\/mercuripresseconseil.fr\/index.php\/wp-json\/wp\/v2\/comments?post=33"}],"version-history":[{"count":102,"href":"https:\/\/mercuripresseconseil.fr\/index.php\/wp-json\/wp\/v2\/pages\/33\/revisions"}],"predecessor-version":[{"id":922,"href":"https:\/\/mercuripresseconseil.fr\/index.php\/wp-json\/wp\/v2\/pages\/33\/revisions\/922"}],"wp:attachment":[{"href":"https:\/\/mercuripresseconseil.fr\/index.php\/wp-json\/wp\/v2\/media?parent=33"}],"curies":[{"name":"wp","href":"https:\/\/api.w.org\/{rel}","templated":true}]}}