{"id":32,"date":"2021-11-10T17:35:46","date_gmt":"2021-11-10T16:35:46","guid":{"rendered":"http:\/\/mercuripresseconseil.fr\/?page_id=32"},"modified":"2025-03-13T15:43:25","modified_gmt":"2025-03-13T14:43:25","slug":"accueil","status":"publish","type":"page","link":"https:\/\/mercuripresseconseil.fr\/","title":{"rendered":"Accueil"},"content":{"rendered":"\n<div class=\"wp-block-cover alignfull has-background-dim-30 has-nv-dark-bg-background-color has-background-dim\" style=\"min-height:740px\"><img loading=\"lazy\" width=\"2500\" height=\"1667\" class=\"wp-block-cover__image-background wp-image-795\" alt=\"\" src=\"http:\/\/mercuripresseconseil.fr\/wp-content\/uploads\/2021\/12\/6B7A3466-1.jpg\" style=\"object-position:47% 24%\" data-object-fit=\"cover\" data-object-position=\"47% 24%\" srcset=\"https:\/\/mercuripresseconseil.fr\/wp-content\/uploads\/2021\/12\/6B7A3466-1.jpg 2500w, https:\/\/mercuripresseconseil.fr\/wp-content\/uploads\/2021\/12\/6B7A3466-1-300x200.jpg 300w, https:\/\/mercuripresseconseil.fr\/wp-content\/uploads\/2021\/12\/6B7A3466-1-1024x683.jpg 1024w, https:\/\/mercuripresseconseil.fr\/wp-content\/uploads\/2021\/12\/6B7A3466-1-768x512.jpg 768w, https:\/\/mercuripresseconseil.fr\/wp-content\/uploads\/2021\/12\/6B7A3466-1-1536x1024.jpg 1536w, https:\/\/mercuripresseconseil.fr\/wp-content\/uploads\/2021\/12\/6B7A3466-1-2048x1366.jpg 2048w, https:\/\/mercuripresseconseil.fr\/wp-content\/uploads\/2021\/12\/6B7A3466-1-930x620.jpg 930w\" sizes=\"(max-width: 2500px) 100vw, 2500px\" \/><div class=\"wp-block-cover__inner-container\">\n<div style=\"height:159px\" aria-hidden=\"true\" class=\"wp-block-spacer\"><\/div>\n\n\n\n<h1 class=\"has-text-align-center has-nv-site-bg-color has-text-color\">MP CONSEIL <br>Le partenaire diffusion des \u00e9diteurs de presse<\/h1>\n\n\n\n<div class=\"wp-block-buttons is-content-justification-center\">\n<div class=\"wp-block-button is-style-primary\"><a class=\"wp-block-button__link\" href=\"http:\/\/mercuripresseconseil.fr\/index.php\/qui-sommes-nous\/\">En savoir plus<\/a><\/div>\n<\/div>\n\n\n\n<div style=\"height:24px\" aria-hidden=\"true\" class=\"wp-block-spacer\"><\/div>\n\n\n\n<div style=\"height:80px\" aria-hidden=\"true\" class=\"wp-block-spacer\"><\/div>\n\n\n\n<p><\/p>\n<\/div><\/div>\n\n\n\n<div style=\"height:110px\" aria-hidden=\"true\" class=\"wp-block-spacer\"><\/div>\n\n\n\n<div class=\"wp-block-columns\">\n<div class=\"wp-block-column\">\n<div class=\"wp-block-image icon-style is-style-default\"><figure class=\"aligncenter size-full\"><img loading=\"lazy\" width=\"63\" height=\"64\" src=\"http:\/\/mercuripresseconseil.fr\/wp-content\/uploads\/2021\/11\/conseil-100.jpg\" alt=\"\" class=\"wp-image-73\"\/><\/figure><\/div>\n\n\n\n<h3 class=\"has-text-align-center has-text-color\" style=\"color:#3c4c61\">Conseil et r\u00e9glages<\/h3>\n\n\n\n<p class=\"has-text-align-center\">Un service de vente au num\u00e9ro externalis\u00e9.<\/p>\n\n\n\n<div style=\"height:20px\" aria-hidden=\"true\" class=\"wp-block-spacer\"><\/div>\n<\/div>\n\n\n\n<div class=\"wp-block-column\">\n<div class=\"wp-block-image icon-style is-style-default\"><figure class=\"aligncenter size-full\"><img loading=\"lazy\" width=\"64\" height=\"64\" src=\"http:\/\/mercuripresseconseil.fr\/wp-content\/uploads\/2021\/11\/diffusion-100.jpg\" alt=\"\" class=\"wp-image-74\"\/><\/figure><\/div>\n\n\n\n<h3 class=\"has-text-align-center has-text-color\" style=\"color:#3c4c61\">Diffusion qualifi\u00e9e<\/h3>\n\n\n\n<p class=\"has-text-align-center\">Une distribution cibl\u00e9e pour d\u00e9velopper votre notori\u00e9t\u00e9.<\/p>\n\n\n\n<div style=\"height:20px\" aria-hidden=\"true\" class=\"wp-block-spacer\"><\/div>\n<\/div>\n\n\n\n<div class=\"wp-block-column\">\n<div class=\"wp-block-image icon-style is-style-rounded\"><figure class=\"aligncenter size-full\"><img loading=\"lazy\" width=\"63\" height=\"64\" src=\"http:\/\/mercuripresseconseil.fr\/wp-content\/uploads\/2021\/11\/digital-100.jpg\" alt=\"\" class=\"wp-image-75\"\/><\/figure><\/div>\n\n\n\n<h3 class=\"has-text-align-center has-text-color\" style=\"color:#3c4c61\">Gestion digitale<\/h3>\n\n\n\n<p class=\"has-text-align-center\">D\u00e9veloppement de la diffusion de vos formats num\u00e9riques.<\/p>\n\n\n\n<div style=\"height:20px\" aria-hidden=\"true\" class=\"wp-block-spacer\"><\/div>\n<\/div>\n<\/div>\n\n\n\n<div style=\"height:60px\" aria-hidden=\"true\" class=\"wp-block-spacer\"><\/div>\n\n\n\n<div class=\"wp-block-cover alignfull has-background-dim\" style=\"background-color:#e2e4e7;min-height:600px\"><div class=\"wp-block-cover__inner-container\">\n<div class=\"wp-block-group\"><div class=\"wp-block-group__inner-container\">\n<div style=\"height:80px\" aria-hidden=\"true\" class=\"wp-block-spacer\"><\/div>\n\n\n\n<div class=\"wp-block-columns are-vertically-aligned-center\">\n<div class=\"wp-block-column is-vertically-aligned-center\" style=\"flex-basis:50%\">\n<figure class=\"wp-block-image size-large\"><img loading=\"lazy\" width=\"1024\" height=\"1024\" src=\"http:\/\/mercuripresseconseil.fr\/wp-content\/uploads\/2021\/12\/6B7A3442-1024x1024.jpg\" alt=\"\" class=\"wp-image-718\" srcset=\"https:\/\/mercuripresseconseil.fr\/wp-content\/uploads\/2021\/12\/6B7A3442-1024x1024.jpg 1024w, https:\/\/mercuripresseconseil.fr\/wp-content\/uploads\/2021\/12\/6B7A3442-300x300.jpg 300w, https:\/\/mercuripresseconseil.fr\/wp-content\/uploads\/2021\/12\/6B7A3442-150x150.jpg 150w, https:\/\/mercuripresseconseil.fr\/wp-content\/uploads\/2021\/12\/6B7A3442-768x768.jpg 768w, https:\/\/mercuripresseconseil.fr\/wp-content\/uploads\/2021\/12\/6B7A3442-1536x1536.jpg 1536w, https:\/\/mercuripresseconseil.fr\/wp-content\/uploads\/2021\/12\/6B7A3442.jpg 1667w\" sizes=\"(max-width: 1024px) 100vw, 1024px\" \/><\/figure>\n<\/div>\n\n\n\n<div class=\"wp-block-column is-vertically-aligned-center\" style=\"flex-basis:50%\">\n<div style=\"height:20px\" aria-hidden=\"true\" class=\"wp-block-spacer\"><\/div>\n\n\n\n<h2 class=\"has-text-align-left has-text-color\" style=\"color:#3b4b60\"><strong>Conseil et r\u00e9glages<\/strong><\/h2>\n\n\n\n<p class=\"has-text-align-left has-neve-link-color-color has-text-color\" style=\"font-size:17px\"><strong>MP Conseil<\/strong> met \u00e0 votre disposition une <strong>EQUIPE<\/strong> externalis\u00e9e qui vous accompagne dans la d\u00e9finition de votre politique commerciale de diffusion, du volume de tirage aux choix des points de distribution.<\/p>\n\n\n\n<div class=\"wp-block-buttons is-content-justification-left\">\n<div class=\"wp-block-button is-style-primary\"><a class=\"wp-block-button__link\" href=\"http:\/\/mercuripresseconseil.fr\/index.php\/conseil-et-reglages\/\">En savoir plus<\/a><\/div>\n<\/div>\n<\/div>\n<\/div>\n\n\n\n<div style=\"height:40px\" aria-hidden=\"true\" class=\"wp-block-spacer\"><\/div>\n<\/div><\/div>\n<\/div><\/div>\n\n\n\n<div class=\"wp-block-cover alignfull has-nv-site-bg-background-color has-background-dim\" style=\"min-height:600px\"><div class=\"wp-block-cover__inner-container\">\n<div class=\"wp-block-group\"><div class=\"wp-block-group__inner-container\">\n<div style=\"height:80px\" aria-hidden=\"true\" class=\"wp-block-spacer\"><\/div>\n\n\n\n<div class=\"wp-block-columns are-vertically-aligned-center\">\n<div class=\"wp-block-column is-vertically-aligned-center\" style=\"flex-basis:50%\">\n<h2 class=\"has-text-align-left has-text-color\" style=\"color:#3b4b60\"><strong>Diffusion qualifi\u00e9e<\/strong><\/h2>\n\n\n\n<p class=\"has-text-align-left has-neve-text-color-color has-text-color\" style=\"font-size:17px\"><strong>MP Conseil<\/strong> vous accompagne dans la mise en place d&rsquo;une strat\u00e9gie marketing de distribution (&#8230;) sur des distributions ciblant votre <strong>LECTORAT<\/strong>.<\/p>\n\n\n\n<div class=\"wp-block-buttons is-content-justification-left\">\n<div class=\"wp-block-button is-style-primary\"><a class=\"wp-block-button__link\" href=\"http:\/\/mercuripresseconseil.fr\/index.php\/diffusion-qualifiee\/\">En savoir plus<\/a><\/div>\n<\/div>\n\n\n\n<div style=\"height:40px\" aria-hidden=\"true\" class=\"wp-block-spacer\"><\/div>\n<\/div>\n\n\n\n<div class=\"wp-block-column is-vertically-aligned-center\" style=\"flex-basis:50%\">\n<figure class=\"wp-block-image size-full\"><img loading=\"lazy\" width=\"600\" height=\"600\" src=\"http:\/\/mercuripresseconseil.fr\/wp-content\/uploads\/2021\/11\/Diffusion.png\" alt=\"\" class=\"wp-image-136\" srcset=\"https:\/\/mercuripresseconseil.fr\/wp-content\/uploads\/2021\/11\/Diffusion.png 600w, https:\/\/mercuripresseconseil.fr\/wp-content\/uploads\/2021\/11\/Diffusion-300x300.png 300w, https:\/\/mercuripresseconseil.fr\/wp-content\/uploads\/2021\/11\/Diffusion-150x150.png 150w\" sizes=\"(max-width: 600px) 100vw, 600px\" \/><\/figure>\n<\/div>\n<\/div>\n\n\n\n<div style=\"height:40px\" aria-hidden=\"true\" class=\"wp-block-spacer\"><\/div>\n<\/div><\/div>\n<\/div><\/div>\n\n\n\n<div class=\"wp-block-cover alignfull has-background-dim\" style=\"background-color:#3b4b60;min-height:600px\"><div class=\"wp-block-cover__inner-container\">\n<div class=\"wp-block-group\"><div class=\"wp-block-group__inner-container\">\n<div style=\"height:80px\" aria-hidden=\"true\" class=\"wp-block-spacer\"><\/div>\n\n\n\n<div class=\"wp-block-columns are-vertically-aligned-center\">\n<div class=\"wp-block-column is-vertically-aligned-center\" style=\"flex-basis:50%\">\n<figure class=\"wp-block-image size-large\"><img loading=\"lazy\" width=\"1024\" height=\"1024\" src=\"http:\/\/mercuripresseconseil.fr\/wp-content\/uploads\/2021\/12\/6B7A3333-1024x1024.jpg\" alt=\"\" class=\"wp-image-716\" srcset=\"https:\/\/mercuripresseconseil.fr\/wp-content\/uploads\/2021\/12\/6B7A3333-1024x1024.jpg 1024w, https:\/\/mercuripresseconseil.fr\/wp-content\/uploads\/2021\/12\/6B7A3333-300x300.jpg 300w, https:\/\/mercuripresseconseil.fr\/wp-content\/uploads\/2021\/12\/6B7A3333-150x150.jpg 150w, https:\/\/mercuripresseconseil.fr\/wp-content\/uploads\/2021\/12\/6B7A3333-768x768.jpg 768w, https:\/\/mercuripresseconseil.fr\/wp-content\/uploads\/2021\/12\/6B7A3333-1536x1536.jpg 1536w, https:\/\/mercuripresseconseil.fr\/wp-content\/uploads\/2021\/12\/6B7A3333.jpg 1667w\" sizes=\"(max-width: 1024px) 100vw, 1024px\" \/><\/figure>\n<\/div>\n\n\n\n<div class=\"wp-block-column is-vertically-aligned-center\" style=\"flex-basis:50%\">\n<div style=\"height:40px\" aria-hidden=\"true\" class=\"wp-block-spacer\"><\/div>\n\n\n\n<h2 class=\"has-text-align-left has-nv-site-bg-color has-text-color\"><strong>Gestion digitale<\/strong><\/h2>\n\n\n\n<p class=\"has-text-align-left has-nv-site-bg-color has-text-color\"><strong>MP Conseil<\/strong> s\u2019occupe de la gestion de vos versions num\u00e9riques, en vous apportant ses <strong>CONSEILS<\/strong> et son <strong>ASSISTANCE<\/strong> sur la gestion et le d\u00e9veloppement de vos versions digitales.<br><br><strong>MP Conseil<\/strong> vous <strong>AIDE<\/strong> \u00e0 d\u00e9velopper et \u00e0 booster vos ventes et vos abonnements digitaux en partenariats avec les professionnels de ce march\u00e9.<\/p>\n\n\n\n<div class=\"wp-block-buttons is-content-justification-left\">\n<div class=\"wp-block-button is-style-primary\"><a class=\"wp-block-button__link\" href=\"http:\/\/mercuripresseconseil.fr\/index.php\/gestion-digitale\/\">En savoir plus<\/a><\/div>\n<\/div>\n<\/div>\n<\/div>\n\n\n\n<div style=\"height:40px\" aria-hidden=\"true\" class=\"wp-block-spacer\"><\/div>\n<\/div><\/div>\n<\/div><\/div>\n\n\n\n<div class=\"wp-block-cover alignfull has-background-dim\" style=\"background-color:#e2e4e7;min-height:420px\"><div class=\"wp-block-cover__inner-container\">\n<div style=\"height:80px\" aria-hidden=\"true\" class=\"wp-block-spacer\"><\/div>\n\n\n\n<div class=\"wp-block-columns\">\n<div class=\"wp-block-column\">\n<figure class=\"wp-block-image size-full is-style-rounded\"><img loading=\"lazy\" width=\"150\" height=\"150\" src=\"http:\/\/mercuripresseconseil.fr\/wp-content\/uploads\/2021\/12\/NICOLAS-STRATIGOS-.jpg\" alt=\"\" class=\"wp-image-737\"\/><\/figure>\n\n\n\n<p class=\"has-text-align-left has-neve-text-color-color has-text-color has-normal-font-size\">\u00ab Je travaille avec MP Conseil depuis que je suis dans l&rsquo;\u00e9dition de magazines , et je ne regrette pas mon choix. Non seulement ils effectuent un travail formidable sur les r\u00e9glages mais en plus leurs conseils et leur connaissance du milieu m&rsquo;a permis de rapidement g\u00e9rer cet aspect du travail d&rsquo;\u00e9diteur<em>.<\/em> \u00bb<\/p>\n\n\n\n<p class=\"has-neve-text-color-color has-text-color\">NICOLAS STRATIGOS<br><strong>CERIGO EDITIONS<\/strong><\/p>\n\n\n\n<div style=\"height:20px\" aria-hidden=\"true\" class=\"wp-block-spacer\"><\/div>\n<\/div>\n\n\n\n<div class=\"wp-block-column\">\n<figure class=\"wp-block-image size-full is-resized is-style-rounded\"><img src=\"http:\/\/mercuripresseconseil.fr\/wp-content\/uploads\/2025\/03\/vm3.jpg\" alt=\"\" class=\"wp-image-952\" width=\"150\"\/><\/figure>\n\n\n\n<p class=\"has-text-align-left has-neve-text-color-color has-text-color has-normal-font-size\">\u00ab Nous avons repris cette marque mythique des ann\u00e9es 80 en avril 2023. Gr\u00e2ce au travail minutieux de l\u2019\u00e9quipe de MP CONSEIL et en particulier de notre charg\u00e9 de compte Laurent BOUDERLIQUE, nous avons progressivement r\u00e9install\u00e9 le titre, stabilis\u00e9 nos dates de parutions et renforcer notre offre \u00e9ditoriale. Ce travail de fond a pay\u00e9 avec une augmentation de 11% de ventes entre 2024 et 2023 sur la vente au N\u00b0.<br>Merci \u00e0 toute l\u2019\u00e9quipe. \u00bb<\/p>\n\n\n\n<p class=\"has-neve-text-color-color has-text-color\">VINCENT HAM<br><strong>VSD<\/strong> <\/p>\n\n\n\n<div style=\"height:20px\" aria-hidden=\"true\" class=\"wp-block-spacer\"><\/div>\n\n\n\n<p><\/p>\n<\/div>\n\n\n\n<div class=\"wp-block-column\">\n<figure class=\"wp-block-image size-full is-style-rounded\"><img loading=\"lazy\" width=\"150\" height=\"150\" src=\"http:\/\/mercuripresseconseil.fr\/wp-content\/uploads\/2021\/12\/MARC-ZYGHERA-1-1.jpg\" alt=\"\" class=\"wp-image-733\"\/><\/figure>\n\n\n\n<p class=\"has-neve-link-color-color has-text-color\">\u00ab\u00a0Ne disposant pas d\u2019un service diffusion int\u00e9gr\u00e9, nous appr\u00e9cions la r\u00e9activit\u00e9 et la force de propositions des \u00e9quipes de MP conseil au quotidien, ainsi que la palette de services propos\u00e9es.<br>(aide \u00e0 la d\u00e9claration ACPM, conseil sur la vente par tiers, etc.) \u00bb <\/p>\n\n\n\n<p class=\"has-neve-text-color-color has-text-color\">MARC ZYGHERA<br><strong>DR G\u00e9n\u00e9ral associ\u00e9<br>HORYZON<\/strong><\/p>\n\n\n\n<div style=\"height:20px\" aria-hidden=\"true\" class=\"wp-block-spacer\"><\/div>\n<\/div>\n<\/div>\n\n\n\n<div style=\"height:30px\" aria-hidden=\"true\" class=\"wp-block-spacer\"><\/div>\n<\/div><\/div>\n\n\n\n<div style=\"height:80px\" aria-hidden=\"true\" class=\"wp-block-spacer\"><\/div>\n\n\n\n<div class=\"wp-block-cover alignfull has-nv-text-dark-bg-background-color has-background-dim\" style=\"min-height:479px\"><div class=\"wp-block-cover__inner-container\">\n<div style=\"height:1px\" aria-hidden=\"true\" class=\"wp-block-spacer\"><\/div>\n\n\n\n<h2 class=\"has-text-align-center has-text-color\" style=\"color:#3b4b60\">Nos partenaires<\/h2>\n\n\n\n<p class=\"has-text-align-center has-neve-link-color-color has-text-color has-medium-font-size\"><strong>Aujourd\u2019hui, plus de 80 groupes d\u2019\u00e9diteurs nous font confiance avec plus de 300 titres travaill\u00e9s<\/strong>.<\/p>\n\n\n\n<div class=\"wp-block-image\"><figure class=\"aligncenter size-large is-resized\"><img loading=\"lazy\" src=\"http:\/\/mercuripresseconseil.fr\/wp-content\/uploads\/2021\/11\/Planche-contact-001-2-1024x233.png\" alt=\"\" class=\"wp-image-123\" width=\"1024\" height=\"233\" srcset=\"https:\/\/mercuripresseconseil.fr\/wp-content\/uploads\/2021\/11\/Planche-contact-001-2-1024x233.png 1024w, https:\/\/mercuripresseconseil.fr\/wp-content\/uploads\/2021\/11\/Planche-contact-001-2-300x68.png 300w, https:\/\/mercuripresseconseil.fr\/wp-content\/uploads\/2021\/11\/Planche-contact-001-2-768x175.png 768w, https:\/\/mercuripresseconseil.fr\/wp-content\/uploads\/2021\/11\/Planche-contact-001-2-1536x349.png 1536w, https:\/\/mercuripresseconseil.fr\/wp-content\/uploads\/2021\/11\/Planche-contact-001-2-2048x465.png 2048w\" sizes=\"(max-width: 1024px) 100vw, 1024px\" \/><figcaption>Business colleagues walking in the office<\/figcaption><\/figure><\/div>\n\n\n\n<p><\/p>\n<\/div><\/div>\n\n\n\n<div class=\"wp-block-cover alignfull has-background-dim\" style=\"background-color:#122031;min-height:490px\"><div class=\"wp-block-cover__inner-container\">\n<div style=\"height:80px\" aria-hidden=\"true\" class=\"wp-block-spacer\"><\/div>\n\n\n\n<div class=\"wp-block-columns\">\n<div class=\"wp-block-column\">\n<figure class=\"wp-block-image size-full is-resized\"><img loading=\"lazy\" src=\"http:\/\/mercuripresseconseil.fr\/wp-content\/uploads\/2021\/11\/logoBlc-1.png\" alt=\"\" class=\"wp-image-102\" width=\"177\" height=\"177\" srcset=\"https:\/\/mercuripresseconseil.fr\/wp-content\/uploads\/2021\/11\/logoBlc-1.png 454w, https:\/\/mercuripresseconseil.fr\/wp-content\/uploads\/2021\/11\/logoBlc-1-300x300.png 300w, https:\/\/mercuripresseconseil.fr\/wp-content\/uploads\/2021\/11\/logoBlc-1-150x150.png 150w\" sizes=\"(max-width: 177px) 100vw, 177px\" \/><\/figure>\n<\/div>\n\n\n\n<div class=\"wp-block-column\">\n<p class=\"has-nv-site-bg-color has-text-color\"><br><strong><a href=\"http:\/\/mercuripresseconseil.fr\/\" data-type=\"URL\" data-id=\"http:\/\/mercuripresseconseil.fr\/\">Accueil<\/a><br><a href=\"http:\/\/mercuripresseconseil.fr\/index.php\/qui-sommes-nous\/\/\" data-type=\"URL\">Qui sommes nous ?<br><\/a><a href=\"http:\/\/mercuripresseconseil.fr\/index.php\/contactez-nous\/\" data-type=\"URL\">Contactez-nous<\/a><\/strong><\/p>\n<\/div>\n\n\n\n<div class=\"wp-block-column\">\n<p class=\"has-nv-site-bg-color has-text-color\"><br><strong>Nos prestations<br><\/strong><a href=\"http:\/\/mercuripresseconseil.fr\/index.php\/conseil-et-reglages\/\">Conseil et r\u00e9glages<br><\/a><a href=\"http:\/\/mercuripresseconseil.fr\/index.php\/diffusion-qualifiee\/\">Diffusion qualifi\u00e9e<br><\/a><a href=\"http:\/\/mercuripresseconseil.fr\/index.php\/gestion-digitale\/\">Gestion digitale<\/a><\/p>\n<\/div>\n<\/div>\n<\/div><\/div>\n","protected":false},"excerpt":{"rendered":"<p>Conseil et r\u00e9glages Un service de vente au num\u00e9ro externalis\u00e9. Diffusion qualifi\u00e9e Une distribution cibl\u00e9e pour d\u00e9velopper votre notori\u00e9t\u00e9. Gestion digitale D\u00e9veloppement de la diffusion de vos formats num\u00e9riques.<\/p>\n","protected":false},"author":1,"featured_media":0,"parent":0,"menu_order":0,"comment_status":"closed","ping_status":"closed","template":"","meta":{"neve_meta_sidebar":"","neve_meta_container":"","neve_meta_enable_content_width":"on","neve_meta_content_width":100,"neve_meta_title_alignment":"","neve_meta_author_avatar":"","neve_post_elements_order":"","neve_meta_disable_header":"","neve_meta_disable_footer":"","neve_meta_disable_title":"on"},"_links":{"self":[{"href":"https:\/\/mercuripresseconseil.fr\/index.php\/wp-json\/wp\/v2\/pages\/32"}],"collection":[{"href":"https:\/\/mercuripresseconseil.fr\/index.php\/wp-json\/wp\/v2\/pages"}],"about":[{"href":"https:\/\/mercuripresseconseil.fr\/index.php\/wp-json\/wp\/v2\/types\/page"}],"author":[{"embeddable":true,"href":"https:\/\/mercuripresseconseil.fr\/index.php\/wp-json\/wp\/v2\/users\/1"}],"replies":[{"embeddable":true,"href":"https:\/\/mercuripresseconseil.fr\/index.php\/wp-json\/wp\/v2\/comments?post=32"}],"version-history":[{"count":113,"href":"https:\/\/mercuripresseconseil.fr\/index.php\/wp-json\/wp\/v2\/pages\/32\/revisions"}],"predecessor-version":[{"id":953,"href":"https:\/\/mercuripresseconseil.fr\/index.php\/wp-json\/wp\/v2\/pages\/32\/revisions\/953"}],"wp:attachment":[{"href":"https:\/\/mercuripresseconseil.fr\/index.php\/wp-json\/wp\/v2\/media?parent=32"}],"curies":[{"name":"wp","href":"https:\/\/api.w.org\/{rel}","templated":true}]}}