{"id":254,"date":"2021-11-19T16:45:35","date_gmt":"2021-11-19T15:45:35","guid":{"rendered":"http:\/\/mercuripresseconseil.fr\/?page_id=254"},"modified":"2025-02-10T19:05:51","modified_gmt":"2025-02-10T18:05:51","slug":"diffusion-qualifiee","status":"publish","type":"page","link":"https:\/\/mercuripresseconseil.fr\/index.php\/diffusion-qualifiee\/","title":{"rendered":"Diffusion qualifi\u00e9e"},"content":{"rendered":"\n<div class=\"wp-block-cover alignfull has-background-dim-60 has-neve-text-color-background-color has-background-dim\"><img loading=\"lazy\" width=\"2560\" height=\"1705\" class=\"wp-block-cover__image-background wp-image-927\" alt=\"\" src=\"http:\/\/mercuripresseconseil.fr\/wp-content\/uploads\/2025\/01\/Eurostar_Paris_Pre\u0301sentoirB_Sylvain_5_BasseDef-scaled.jpg\" style=\"object-position:39% 28%\" data-object-fit=\"cover\" data-object-position=\"39% 28%\" srcset=\"https:\/\/mercuripresseconseil.fr\/wp-content\/uploads\/2025\/01\/Eurostar_Paris_Pre\u0301sentoirB_Sylvain_5_BasseDef-scaled.jpg 2560w, https:\/\/mercuripresseconseil.fr\/wp-content\/uploads\/2025\/01\/Eurostar_Paris_Pre\u0301sentoirB_Sylvain_5_BasseDef-300x200.jpg 300w, https:\/\/mercuripresseconseil.fr\/wp-content\/uploads\/2025\/01\/Eurostar_Paris_Pre\u0301sentoirB_Sylvain_5_BasseDef-1024x682.jpg 1024w, https:\/\/mercuripresseconseil.fr\/wp-content\/uploads\/2025\/01\/Eurostar_Paris_Pre\u0301sentoirB_Sylvain_5_BasseDef-768x512.jpg 768w, https:\/\/mercuripresseconseil.fr\/wp-content\/uploads\/2025\/01\/Eurostar_Paris_Pre\u0301sentoirB_Sylvain_5_BasseDef-1536x1023.jpg 1536w, https:\/\/mercuripresseconseil.fr\/wp-content\/uploads\/2025\/01\/Eurostar_Paris_Pre\u0301sentoirB_Sylvain_5_BasseDef-2048x1364.jpg 2048w, https:\/\/mercuripresseconseil.fr\/wp-content\/uploads\/2025\/01\/Eurostar_Paris_Pre\u0301sentoirB_Sylvain_5_BasseDef-930x620.jpg 930w\" sizes=\"(max-width: 2560px) 100vw, 2560px\" \/><div class=\"wp-block-cover__inner-container\">\n<div style=\"height:100px\" aria-hidden=\"true\" class=\"wp-block-spacer\"><\/div>\n\n\n\n<h1><strong>Diffusion qualifi\u00e9e <\/strong><\/h1>\n\n\n\n<div class=\"wp-block-columns\">\n<div class=\"wp-block-column\">\n<p><strong>MP Conseil<\/strong> d\u00e9veloppe la notori\u00e9t\u00e9 et l\u2019audience de vos titres par leur int\u00e9gration sur des points de distribution adapt\u00e9s.<\/p>\n<\/div>\n\n\n\n<div class=\"wp-block-column\"><\/div>\n<\/div>\n\n\n\n<div style=\"height:100px\" aria-hidden=\"true\" class=\"wp-block-spacer\"><\/div>\n<\/div><\/div>\n\n\n\n<div class=\"wp-block-cover alignfull has-background-dim\" style=\"background-color:#e2e4e7;min-height:300px\"><div class=\"wp-block-cover__inner-container\">\n<div style=\"height:100px\" aria-hidden=\"true\" class=\"wp-block-spacer\"><\/div>\n\n\n\n<div class=\"wp-block-columns\">\n<div class=\"wp-block-column\">\n<h2 class=\"has-text-color\" style=\"color:#3b4b60\">Nos r\u00e9seaux<\/h2>\n\n\n\n<p><span class=\"has-inline-color has-neve-link-color-color\"><strong> MP Conseil<\/strong> propose des r\u00e9seaux de distributions exclusifs \u00ab&nbsp;cl\u00e9s en mains&nbsp;\u00bb pour ses partenaires \u00e9diteurs : <\/span><\/p>\n\n\n\n<ul class=\"has-neve-link-color-color has-text-color\"><li>Les r\u00e9seaux de transport&nbsp;: A\u00e9roports internationaux, VTC, compagnies d\u2019aviations du Bourget.<\/li><li>L\u2019h\u00f4tellerie et la restauration (sur devis)&nbsp;: Paris, C\u00f4te d\u2019Azur et autres villes&nbsp;; les pays europ\u00e9ens : Suisse, Belgique, Italie, Angleterre.<\/li><li>Les r\u00e9seaux Business&nbsp;: les centres d\u2019affaires, les centres de coworking, les banques et les grandes entreprises (+ de 100 en r\u00e9gion parisienne).<\/li><li>Les salles d\u2019attente (salons de coiffure, salles de sports, spas, cliniques, cabinet v\u00e9t\u00e9rinaires).<\/li><li>Les r\u00e9seaux des m\u00e9dias&nbsp;: les grands groupes d\u2019\u00e9diteurs, les t\u00e9l\u00e9visions, les radios et agence m\u00e9dias.<\/li><li>Les r\u00e9seaux ferroviaires : Eurostar, Thalys. Distribution sur les salons et les voitures 1<sup>er<\/sup> classe.                                             D\u00e9couvrez les distributions gr\u00e2ce \u00e0 notre film. <\/li><\/ul>\n\n\n\n<div style=\"height:30px\" aria-hidden=\"true\" class=\"wp-block-spacer\"><\/div>\n<\/div>\n\n\n\n<div class=\"wp-block-column\">\n<div class=\"wp-block-image\"><figure class=\"alignleft size-large\"><img loading=\"lazy\" width=\"1024\" height=\"505\" src=\"http:\/\/mercuripresseconseil.fr\/wp-content\/uploads\/2022\/02\/DQ2-1024x505.jpg\" alt=\"\" class=\"wp-image-884\" srcset=\"https:\/\/mercuripresseconseil.fr\/wp-content\/uploads\/2022\/02\/DQ2-1024x505.jpg 1024w, https:\/\/mercuripresseconseil.fr\/wp-content\/uploads\/2022\/02\/DQ2-300x148.jpg 300w, https:\/\/mercuripresseconseil.fr\/wp-content\/uploads\/2022\/02\/DQ2-768x378.jpg 768w, https:\/\/mercuripresseconseil.fr\/wp-content\/uploads\/2022\/02\/DQ2-1536x757.jpg 1536w, https:\/\/mercuripresseconseil.fr\/wp-content\/uploads\/2022\/02\/DQ2-2048x1009.jpg 2048w\" sizes=\"(max-width: 1024px) 100vw, 1024px\" \/><\/figure><\/div>\n\n\n\n<p><meta charset=\"utf-8\"><span class=\"has-inline-color has-neve-link-color-color\"><strong>MP Conseil<\/strong>, c&rsquo;est aussi une agence de d\u00e9veloppement des r\u00e9seaux \u00e0 la demande des \u00e9diteurs, pour une distribution la plus cibl\u00e9e possible (galeries d&rsquo;Art, bijouteries, Ambassades, banques).<\/span><\/p>\n\n\n\n<iframe loading=\"lazy\" width=\"560\" height=\"315\" src=\"https:\/\/www.youtube.com\/embed\/No0DfpGwC-0?si=4nXH8LEmEC0RWwNM\" title=\"YouTube video player\" frameborder=\"0\" allow=\"accelerometer; autoplay; clipboard-write; encrypted-media; gyroscope; picture-in-picture; web-share\" referrerpolicy=\"strict-origin-when-cross-origin\" allowfullscreen=\"\"><\/iframe>\n<\/div>\n<\/div>\n\n\n\n<div style=\"height:80px\" aria-hidden=\"true\" class=\"wp-block-spacer\"><\/div>\n<\/div><\/div>\n\n\n\n<div class=\"wp-block-cover alignfull has-background-dim\" style=\"background-color:#3b4b60;min-height:600px\"><div class=\"wp-block-cover__inner-container\">\n<div class=\"wp-block-group\"><div class=\"wp-block-group__inner-container\">\n<div style=\"height:80px\" aria-hidden=\"true\" class=\"wp-block-spacer\"><\/div>\n<\/div><\/div>\n\n\n\n<h2 class=\"has-nv-text-dark-bg-color has-text-color\">Nos missions<\/h2>\n\n\n\n<div class=\"wp-block-columns\">\n<div class=\"wp-block-column\">\n<p class=\"has-nv-site-bg-color has-text-color\"><strong>Le d\u00e9veloppement <\/strong><br><strong>de vos r\u00e9sultats<\/strong><\/p>\n\n\n\n<ul class=\"has-nv-site-bg-color has-text-color\"><li>\u00c9largir et\/ou accro\u00eetre votre lectorat.<\/li><li>D\u00e9velopper votre visibilit\u00e9 et votre audience.<\/li><li>Assurer \u00e0 vos annonceurs une prise en mains cibl\u00e9e garantie.<\/li><\/ul>\n\n\n\n<div style=\"height:40px\" aria-hidden=\"true\" class=\"wp-block-spacer\"><\/div>\n\n\n\n<p class=\"has-nv-site-bg-color has-text-color\">Les r\u00e9seaux <strong>MP Conseil<\/strong> vous garantissent + de 100 millions de contacts potentiels&nbsp;par an.<\/p>\n<\/div>\n\n\n\n<div class=\"wp-block-column\">\n<h5 class=\"has-nv-text-dark-bg-color has-text-color\"><strong><strong>La cr\u00e9ation de solutions sur mesure <\/strong><\/strong><br><strong><strong>pour votre diffusion<\/strong><\/strong><\/h5>\n\n\n\n<ul class=\"has-nv-site-bg-color has-text-color\"><li>Distribution sur les \u00e9v\u00e8nements sp\u00e9cifiques li\u00e9s \u00e0 votre actualit\u00e9.<\/li><li>Lieux s\u00e9lectionn\u00e9s par vos soins en France ou \u00e0 l\u2019International.<\/li><li>Agences m\u00e9dias, t\u00e9l\u00e9s &amp; radios, galeries d\u2019Art, \u2026&nbsp;<\/li><\/ul>\n\n\n\n<div style=\"height:40px\" aria-hidden=\"true\" class=\"wp-block-spacer\"><\/div>\n\n\n\n<p> <span style=\"color: inherit; font-family: var(--bodyFontFamily); font-size: var(--bodyFontSize); font-weight: var(--bodyFontWeight); letter-spacing: var(--bodyLetterSpacing); text-transform: var(--bodyTextTransform);\">Un service marketing qui contribue \u00e0 faire \u00e9merger votre titre. <\/span> <\/p>\n<\/div>\n\n\n\n<div class=\"wp-block-column\">\n<h5 class=\"has-nv-site-bg-color has-text-color\"><strong>Assurer une  <\/strong><br><strong>distribution <\/strong>de qualit\u00e9<\/h5>\n\n\n\n<ul class=\"has-nv-site-bg-color has-text-color\"><li>Une logistique int\u00e9gr\u00e9e pour des co\u00fbts contacts maitris\u00e9s.<\/li><li>Toutes nos distributions sont contr\u00f4l\u00e9es et certifi\u00e9es.<\/li><\/ul>\n\n\n\n<div style=\"height:40px\" aria-hidden=\"true\" class=\"wp-block-spacer\"><\/div>\n\n\n\n<p class=\"has-nv-site-bg-color has-text-color\"><strong>MP Conseil <\/strong>est membre adh\u00e9rent de <a rel=\"noreferrer noopener\" href=\"https:\/\/www.acpm.fr\/\" data-type=\"URL\" data-id=\"https:\/\/www.acpm.fr\/\" target=\"_blank\">l\u2019ACPM<\/a><\/p>\n\n\n\n<figure class=\"wp-block-image size-full is-resized\"><a href=\"https:\/\/www.acpm.fr\/\"><img loading=\"lazy\" src=\"http:\/\/mercuripresseconseil.fr\/wp-content\/uploads\/2021\/11\/acpm-logo.png\" alt=\"\" class=\"wp-image-282\" width=\"122\" height=\"64\"\/><\/a><\/figure>\n\n\n\n<p><\/p>\n<\/div>\n<\/div>\n\n\n\n<div style=\"height:80px\" aria-hidden=\"true\" class=\"wp-block-spacer\"><\/div>\n<\/div><\/div>\n\n\n\n<div class=\"wp-block-cover alignfull has-background-dim\" style=\"background-color:#122031;min-height:490px\"><div class=\"wp-block-cover__inner-container\">\n<div style=\"height:80px\" aria-hidden=\"true\" class=\"wp-block-spacer\"><\/div>\n\n\n\n<div class=\"wp-block-columns\">\n<div class=\"wp-block-column\">\n<figure class=\"wp-block-image size-full is-resized\"><img loading=\"lazy\" src=\"http:\/\/mercuripresseconseil.fr\/wp-content\/uploads\/2021\/11\/logoBlc-1.png\" alt=\"\" class=\"wp-image-102\" width=\"177\" height=\"177\" srcset=\"https:\/\/mercuripresseconseil.fr\/wp-content\/uploads\/2021\/11\/logoBlc-1.png 454w, https:\/\/mercuripresseconseil.fr\/wp-content\/uploads\/2021\/11\/logoBlc-1-300x300.png 300w, https:\/\/mercuripresseconseil.fr\/wp-content\/uploads\/2021\/11\/logoBlc-1-150x150.png 150w\" sizes=\"(max-width: 177px) 100vw, 177px\" \/><\/figure>\n<\/div>\n\n\n\n<div class=\"wp-block-column\">\n<p class=\"has-nv-site-bg-color has-text-color\"><br><strong><a href=\"http:\/\/mercuripresseconseil.fr\/\" data-type=\"URL\" data-id=\"http:\/\/mercuripresseconseil.fr\/\">Accueil<\/a><br><a href=\"http:\/\/mercuripresseconseil.fr\/index.php\/qui-sommes-nous\/\/\" data-type=\"URL\">Qui sommes nous ?<br><\/a><a href=\"http:\/\/mercuripresseconseil.fr\/index.php\/contactez-nous\/\" data-type=\"URL\">Contactez-nous<\/a><\/strong><\/p>\n<\/div>\n\n\n\n<div class=\"wp-block-column\">\n<p class=\"has-nv-site-bg-color has-text-color\"><br><strong>Nos prestations<br><\/strong><a href=\"http:\/\/mercuripresseconseil.fr\/index.php\/conseil-et-reglages\/\">Conseil et r\u00e9glages<br><\/a><a href=\"http:\/\/mercuripresseconseil.fr\/index.php\/diffusion-qualifiee\/\">Diffusion qualifi\u00e9e<br><\/a><a href=\"http:\/\/mercuripresseconseil.fr\/index.php\/gestion-digitale\/\">Gestion digitale<\/a><\/p>\n<\/div>\n<\/div>\n<\/div><\/div>\n","protected":false},"excerpt":{"rendered":"","protected":false},"author":1,"featured_media":0,"parent":0,"menu_order":0,"comment_status":"closed","ping_status":"closed","template":"","meta":{"neve_meta_sidebar":"","neve_meta_container":"contained","neve_meta_enable_content_width":"on","neve_meta_content_width":100,"neve_meta_title_alignment":"left","neve_meta_author_avatar":"","neve_post_elements_order":"","neve_meta_disable_header":"","neve_meta_disable_footer":"","neve_meta_disable_title":"on"},"_links":{"self":[{"href":"https:\/\/mercuripresseconseil.fr\/index.php\/wp-json\/wp\/v2\/pages\/254"}],"collection":[{"href":"https:\/\/mercuripresseconseil.fr\/index.php\/wp-json\/wp\/v2\/pages"}],"about":[{"href":"https:\/\/mercuripresseconseil.fr\/index.php\/wp-json\/wp\/v2\/types\/page"}],"author":[{"embeddable":true,"href":"https:\/\/mercuripresseconseil.fr\/index.php\/wp-json\/wp\/v2\/users\/1"}],"replies":[{"embeddable":true,"href":"https:\/\/mercuripresseconseil.fr\/index.php\/wp-json\/wp\/v2\/comments?post=254"}],"version-history":[{"count":67,"href":"https:\/\/mercuripresseconseil.fr\/index.php\/wp-json\/wp\/v2\/pages\/254\/revisions"}],"predecessor-version":[{"id":940,"href":"https:\/\/mercuripresseconseil.fr\/index.php\/wp-json\/wp\/v2\/pages\/254\/revisions\/940"}],"wp:attachment":[{"href":"https:\/\/mercuripresseconseil.fr\/index.php\/wp-json\/wp\/v2\/media?parent=254"}],"curies":[{"name":"wp","href":"https:\/\/api.w.org\/{rel}","templated":true}]}}